{"id":1029,"date":"2022-03-01T14:51:13","date_gmt":"2022-03-01T14:51:13","guid":{"rendered":"https:\/\/www.metef.com\/?page_id=1029"},"modified":"2023-02-09T13:47:39","modified_gmt":"2023-02-09T13:47:39","slug":"premio-internazionale-innovazione","status":"publish","type":"page","link":"https:\/\/www.metef.com\/it\/premio-internazionale-innovazione\/","title":{"rendered":"Premio Internazionale Innovazione"},"content":{"rendered":"[vc_row equal_height=&#8221;yes&#8221; el_class=&#8221;my-1&#8243;][vc_column][vc_row_inner equal_height=&#8221;yes&#8221; content_placement=&#8221;top&#8221;][vc_column_inner el_class=&#8221;py-lg-2 px-lg-5&#8243; width=&#8221;2\/3&#8243;][vc_column_text]\n<h3>Premio per valorizzare i contenuti innovativi proposti dalle aziende<\/h3>\n[\/vc_column_text][vc_column_text el_id=&#8221;finalisti&#8221;]Un\u2019iniziativa organizzata da Metef, consolidata da oltre un decennio, che si propone valorizzare i contenuti innovativi proposti dalle aziende espositrici nelle diverse aree d\u2019interesse dell\u2019edizione 2022 dell\u2019evento. I contenuti d\u2019innovazione proposti saranno valutati in base al grado di originalit\u00e0 e di novit\u00e0, alle peculiarit\u00e0 prestazionali ed ai vantaggi competitivi che sono in grado di offrire, privilegiando in particolare gli aspetti di <strong>risparmio energetico, ecosostenibilit\u00e0 e salvaguardia delle risorse<\/strong> contenuti nelle proposte, nonch\u00e9 il collegamento con gli istituti universitari e di trasferimento tecnologico. Sar\u00e0 apprezzato in fase di valutazione anche l\u2019eventuale accesso a fondi pubblici per l\u2019innovazione nazionali e comunitari.<\/p>\n<p>Un premio speciale sar\u00e0 inoltre assegnato ai <strong>progetti di decarbonizzazione<\/strong> del sistema azienda nel suo complesso.[\/vc_column_text][vc_message message_box_color=&#8221;alert-success&#8221; icon_fontawesome=&#8221;far fa-clock&#8221; el_class=&#8221;bg-darker&#8221;]\n<h6 style=\"text-align: center\"><i>La premiazione avverr\u00e0 il giorno 9 giugno alle ore 12.30 presso la METEF ARENA &#8211; Pad 32 B33<\/i><\/h6>\n[\/vc_message][\/vc_column_inner][vc_column_inner el_class=&#8221;p-1 p-sm-3 p-lg-4 bg-darker&#8221; width=&#8221;1\/3&#8243;][vc_single_image image=&#8221;1119&#8243; img_size=&#8221;medium&#8221;][vc_separator color=&#8221;juicy_pink&#8221;][vc_wp_custommenu nav_menu=&#8221;22&#8243;][\/vc_column_inner][\/vc_row_inner][\/vc_column][\/vc_row][vc_row equal_height=&#8221;yes&#8221; el_class=&#8221;my-1&#8243;][vc_column width=&#8221;1\/2&#8243; el_class=&#8221;full-box&#8221; el_id=&#8221;Ambito&#8221;][vc_column_text el_class=&#8221;py-2 px-3 py-sm-3 px-sm-5 bg-darker&#8221; css=&#8221;.vc_custom_1646648180831{border-radius: 2px !important;}&#8221;]\n<h3 style=\"text-align: center\"><strong>Ambito del premio<\/strong><\/h3>\n<p style=\"text-align: center\">Il premio, di <strong>carattere internazionale<\/strong>, si propone di premiare i <strong>migliori casi di innovazione, relativi a nuovi prodotti, alla produzione, trasformazione, lavorazione ed impiego di prodotti o componenti in metallo<\/strong>, realizzati dalle aziende per ognuna delle seguenti sezioni:<\/p>\n<p style=\"text-align: center\"><strong>\u2022 materiali<\/strong><br \/>\n<strong>\u2022 macchine ed impianti<\/strong><br \/>\n<strong>\u2022 tecnologie e processi<\/strong><br \/>\n<strong>\u2022 prodotti, componenti, sistemi<\/strong><br \/>\n<strong>\u2022 varie<\/strong><\/p>\n<p style=\"text-align: center\">Verranno prese in considerazione anche proposte allo stadio prototipale.<\/p>\n[\/vc_column_text][\/vc_column][vc_column width=&#8221;1\/2&#8243; el_class=&#8221;full-box&#8221;][vc_column_text el_class=&#8221;py-2 px-3 py-sm-3 px-sm-5 bg-darker&#8221; el_id=&#8221;Condizioni&#8221;]\n<h3 style=\"text-align: center\"><strong>Condizioni di partecipazione<\/strong><\/h3>\n<p style=\"text-align: center\">La partecipazione \u00e8 aperta a tutte le <strong>aziende italiane ed estere<\/strong>, espositrici di Metef 2022, che intendono presentare i <strong>contenuti innovativi<\/strong> di loro titolarit\u00e0 nei diversi ambiti presi in considerazione dalle sezioni nelle quali \u00e8 articolato il premio. L&#8217;ammissione al premio \u00e8 <strong>gratuita<\/strong>.<\/p>\n<p>&nbsp;<\/p>\n<hr \/>\n<h5 style=\"text-align: center\"><em>Termine ultimo per la presentazione della domanda di ammissione e della documentazione:\u00a0<strong>29\u00a0Aprile 2022<\/strong><\/em><\/h5>\n[\/vc_column_text][\/vc_column][vc_column][vc_message message_box_color=&#8221;alert-warning&#8221; icon_fontawesome=&#8221;fas fa-bell&#8221; el_class=&#8221;bg-darker&#8221;]\n<h6 style=\"text-align: center\"><em>Termine ultimo per la presentazione della domanda di ammissione e della documentazione:\u00a0<strong>29\u00a0Aprile 2022<\/strong><\/em><\/h6>\n[\/vc_message][\/vc_column][\/vc_row][vc_row equal_height=&#8221;yes&#8221; el_class=&#8221;my-1&#8243; el_id=&#8221;partecipazione&#8221;][vc_column width=&#8221;1\/2&#8243; el_class=&#8221;full-box&#8221; el_id=&#8221;Modalit\u00e0&#8221;][vc_column_text el_class=&#8221;py-2 px-3 py-sm-3 px-sm-5 bg-darker&#8221;]\n<h3 style=\"text-align: center\"><strong>Modalit\u00e0 di patecipazione<\/strong><\/h3>\n<p style=\"text-align: center\">Per l\u2019ammissione al Premio Innovazione \u00e8 necessario inviare alla <strong>Segreteria del Premio Innovazione Metef 2022<\/strong> all\u2019indirizzo <a href=\"mailto:info@metef.com\" target=\"_blank\" rel=\"noopener\">info@metef.com<\/a> entro e non oltre il <strong>29 Aprile 2022<\/strong>:<\/p>\n<p style=\"text-align: center\"><strong>\u2022 <a href=\"https:\/\/www.metef.com\/public\/uploads\/sites\/20\/Premio-Innovazione-2022-All.-A-Dom-Part-ita.pdf\">domanda di ammissione<\/a>;<\/strong><br \/>\n<strong>\u2022 <a href=\"https:\/\/www.metef.com\/public\/uploads\/sites\/20\/Premio-Innovazione-2022-All.-B-Scheda.doc.pdf\" target=\"_blank\" rel=\"noopener\">scheda illustrativa<\/a>;<\/strong><br \/>\n\u2022 <strong>documentazione tecnica ed iconografica di supporto;<\/strong><br \/>\n\u2022<strong> documentazione relativa all\u2019eventuale domanda presentata per accedere a fondi pubblici per l\u2019innovazione nazionali e comunitari<\/strong>.<\/p>\n<hr \/>\n<h5 style=\"text-align: center\">Dettagli dei documenti sono contenuti nel <a href=\"\/public\/uploads\/sites\/20\/Regolamento-Premio-Innovazione-2022.pdf\" target=\"_blank\" rel=\"noopener\">Regolamento del premio<\/a><\/h5>\n[\/vc_column_text][\/vc_column][vc_column width=&#8221;1\/2&#8243; el_class=&#8221;full-box&#8221; el_id=&#8221;Giuria&#8221;][vc_column_text el_class=&#8221;py-2 px-3 py-sm-3 px-sm-5 bg-darker&#8221;]\n<h3 style=\"text-align: center\"><strong>Giuria ed assegnazione <\/strong><strong>del Premio<\/strong><\/h3>\n<p>&nbsp;<\/p>\n<p style=\"text-align: center\">Una Giuria assegner\u00e0, a proprio insindacabile giudizio, il <strong>Premio all\u2019Innovazione<\/strong> per le singole sezioni previste. La Giuria potr\u00e0 anche menzionare una o pi\u00f9 aziende, non vincitrici, ma meritevoli di interesse per l\u2019attenzione posta alla innovazione.<\/p>\n<p>&nbsp;<\/p>\n<hr \/>\n<h5 style=\"text-align: center\"><em>La cerimonia di premiazione delle aziende vincitrici si svolger\u00e0 nel corso di Metef 2022<\/em><\/h5>\n[\/vc_column_text][\/vc_column][\/vc_row][vc_row][vc_column width=&#8221;1\/4&#8243; el_class=&#8221;py-2 px-3 py-sm-3 px-sm-5&#8243;][\/vc_column][vc_column width=&#8221;1\/2&#8243;][vc_column_text]\n<p style=\"text-align: center\"><a class=\"btn btn-lg btn-primary my-2 mr-2\" href=\"\/it\/contatti\/\">Richiedi maggiori informazioni<\/a><\/p>\n[\/vc_column_text][\/vc_column][vc_column width=&#8221;1\/4&#8243;][\/vc_column][\/vc_row][vc_row][vc_column][vc_separator color=&#8221;juicy_pink&#8221;][\/vc_column][\/vc_row][vc_row][vc_column][vc_column_text]\n<p style=\"text-align: center\"><em>Media Partner<\/em><\/p>\n[\/vc_column_text][vc_row_inner][vc_column_inner el_class=&#8221;py-2 px-3 py-sm-3 px-sm-5&#8243; width=&#8221;1\/4&#8243;][vc_single_image image=&#8221;1134&#8243; img_size=&#8221;&#8221; alignment=&#8221;center&#8221;][\/vc_column_inner][vc_column_inner el_class=&#8221;py-2 px-3 py-sm-3 px-sm-5&#8243; width=&#8221;1\/4&#8243;][vc_single_image image=&#8221;578&#8243; img_size=&#8221;&#8221; alignment=&#8221;center&#8221;][\/vc_column_inner][vc_column_inner el_class=&#8221;py-2 px-3 py-sm-3 px-sm-5&#8243; width=&#8221;1\/4&#8243;][vc_single_image image=&#8221;580&#8243; img_size=&#8221;&#8221; alignment=&#8221;center&#8221;][\/vc_column_inner][vc_column_inner el_class=&#8221;py-2 px-3 py-sm-3 px-sm-5&#8243; width=&#8221;1\/4&#8243;][vc_single_image image=&#8221;582&#8243; img_size=&#8221;&#8221; alignment=&#8221;center&#8221;][\/vc_column_inner][\/vc_row_inner][\/vc_column][\/vc_row][vc_column][vc_row_inner][vc_column_inner][\/vc_column_inner][\/vc_row_inner][\/vc_column][vc_column_inner][\/vc_column_inner]\n","protected":false},"excerpt":{"rendered":"<p>[vc_row equal_height=&#8221;yes&#8221; el_class=&#8221;my-1&#8243;][vc_column][vc_row_inner equal_height=&#8221;yes&#8221; content_placement=&#8221;top&#8221;][vc_column_inner el_class=&#8221;py-lg-2 px-lg-5&#8243; width=&#8221;2\/3&#8243;][vc_column_text] Premio per valorizzare i contenuti innovativi proposti dalle aziende [\/vc_column_text][vc_column_text el_id=&#8221;finalisti&#8221;]Un\u2019iniziativa organizzata da Metef, consolidata da oltre un decennio, che si propone valorizzare i contenuti innovativi proposti dalle aziende espositrici nelle diverse aree d\u2019interesse dell\u2019edizione 2022 dell\u2019evento. I contenuti d\u2019innovazione proposti saranno valutati in base al grado [&hellip;]<\/p>\n","protected":false},"author":12,"featured_media":1038,"parent":0,"menu_order":0,"comment_status":"closed","ping_status":"closed","template":"","meta":[],"acf":[],"aioseo_notices":[],"_links":{"self":[{"href":"https:\/\/www.metef.com\/it\/wp-json\/wp\/v2\/pages\/1029"}],"collection":[{"href":"https:\/\/www.metef.com\/it\/wp-json\/wp\/v2\/pages"}],"about":[{"href":"https:\/\/www.metef.com\/it\/wp-json\/wp\/v2\/types\/page"}],"author":[{"embeddable":true,"href":"https:\/\/www.metef.com\/it\/wp-json\/wp\/v2\/users\/12"}],"replies":[{"embeddable":true,"href":"https:\/\/www.metef.com\/it\/wp-json\/wp\/v2\/comments?post=1029"}],"version-history":[{"count":3,"href":"https:\/\/www.metef.com\/it\/wp-json\/wp\/v2\/pages\/1029\/revisions"}],"predecessor-version":[{"id":2684,"href":"https:\/\/www.metef.com\/it\/wp-json\/wp\/v2\/pages\/1029\/revisions\/2684"}],"wp:featuredmedia":[{"embeddable":true,"href":"https:\/\/www.metef.com\/it\/wp-json\/wp\/v2\/media\/1038"}],"wp:attachment":[{"href":"https:\/\/www.metef.com\/it\/wp-json\/wp\/v2\/media?parent=1029"}],"curies":[{"name":"wp","href":"https:\/\/api.w.org\/{rel}","templated":true}]}}