{"id":1456,"date":"2022-04-01T09:11:01","date_gmt":"2022-04-01T09:11:01","guid":{"rendered":"https:\/\/www.metef.com\/?page_id=1456"},"modified":"2022-06-06T10:03:50","modified_gmt":"2022-06-06T10:03:50","slug":"villaggio-aital","status":"publish","type":"page","link":"https:\/\/www.metef.com\/it\/villaggio-aital\/","title":{"rendered":"Il Villaggio AITAL"},"content":{"rendered":"[vc_row equal_height=&#8221;yes&#8221; el_class=&#8221;my-1&#8243;][vc_column el_id=&#8221;filiere&#8221;][vc_row_inner equal_height=&#8221;yes&#8221; content_placement=&#8221;top&#8221;][vc_column_inner el_class=&#8221;py-lg-2 px-lg-5&#8243; width=&#8221;2\/3&#8243;][vc_column_text]\n<h4>In questa edizione di Metef\u00a0<strong>Aital, l\u2019Associazione Italiana Trattamenti superficiali Alluminio,<\/strong> sar\u00e0 presente con un\u2019iniziativa dedicata:<\/h4>\n<h3><strong>IL VILLAGGIO AITAL<\/strong><\/h3>\n<h4><img decoding=\"async\" loading=\"lazy\" class=\"alignnone wp-image-1918\" src=\"\/public\/uploads\/sites\/20\/Location.png\" alt=\"\" width=\"34\" height=\"36\" \/><strong>PAD 32 B05<\/strong><\/h4>\n[\/vc_column_text][vc_column_text]<img decoding=\"async\" loading=\"lazy\" class=\"alignnone wp-image-1462\" src=\"\/public\/uploads\/sites\/20\/logo_aital_35.jpg\" alt=\"\" width=\"136\" height=\"45\" \/>[\/vc_column_text][vc_column_text]<em>\u201c<\/em><em>Ancora una volta gli organizzatori della prossima edizione del Metef ci hanno dato l\u2019opportunit\u00e0 di partecipare a questo importante Evento concedendoci uno spazio dedicato alla nostra Associazione ed ai nostri Soci.<\/em><\/p>\n<p><em>Ci \u00e8 particolarmente gradita la formula che ci \u00e8 stata proposta che si tradurr\u00e0 in una sorta di \u201cVILLAGGIO AITAL\u201d, un\u2019area espositiva personalizzata, dedicata agli associati e dove\u00a0si\u00a0avremo modo di esporre al pubblico fieristico (e non solo) tematiche di interesse per le Aziende Associate.<\/em><\/p>\n<p><em>Ringraziamo inoltre gli Organizzatori per i diversi vantaggi che vengono offerti all\u2019AITAL e agli Associati che occuperanno parte del Villaggio.&#8221;<\/em><\/p>\n<h5>Giampaolo Barbarossa \u2013 Segretario Generale AITAL<\/h5>\n[\/vc_column_text][\/vc_column_inner][vc_column_inner el_class=&#8221;p-1 p-sm-1 p-lg-1 bg-darker&#8221; width=&#8221;1\/3&#8243;][vc_empty_space height=&#8221;64px&#8221;][vc_wp_custommenu nav_menu=&#8221;15&#8243;][\/vc_column_inner][\/vc_row_inner][\/vc_column][\/vc_row][vc_row][vc_column][vc_text_separator title=&#8221;Aziende che partecipano&#8221;][vc_row_inner][vc_column_inner width=&#8221;1\/4&#8243;][vc_single_image image=&#8221;1478&#8243; img_size=&#8221;&#8221; alignment=&#8221;center&#8221;][\/vc_column_inner][vc_column_inner width=&#8221;1\/4&#8243;][vc_single_image image=&#8221;1494&#8243; img_size=&#8221;&#8221; alignment=&#8221;center&#8221;][\/vc_column_inner][vc_column_inner width=&#8221;1\/4&#8243;][vc_single_image image=&#8221;1505&#8243; img_size=&#8221;250x&#8221; alignment=&#8221;center&#8221;][\/vc_column_inner][vc_column_inner width=&#8221;1\/4&#8243;][vc_single_image image=&#8221;2209&#8243; img_size=&#8221;250x&#8221; alignment=&#8221;center&#8221;][\/vc_column_inner][\/vc_row_inner][vc_row_inner][vc_column_inner width=&#8221;1\/4&#8243;][vc_single_image image=&#8221;1527&#8243; img_size=&#8221;250x&#8221; alignment=&#8221;center&#8221;][\/vc_column_inner][vc_column_inner width=&#8221;1\/4&#8243;][vc_single_image image=&#8221;1814&#8243; img_size=&#8221;250x&#8221; alignment=&#8221;center&#8221;][\/vc_column_inner][vc_column_inner width=&#8221;1\/4&#8243;][vc_single_image image=&#8221;1496&#8243; img_size=&#8221;250x&#8221; alignment=&#8221;center&#8221;][\/vc_column_inner][vc_column_inner width=&#8221;1\/4&#8243;][vc_single_image image=&#8221;1714&#8243; img_size=&#8221;250x&#8221; alignment=&#8221;center&#8221;][\/vc_column_inner][\/vc_row_inner][vc_row_inner][vc_column_inner width=&#8221;1\/4&#8243;][\/vc_column_inner][vc_column_inner width=&#8221;1\/4&#8243;][vc_single_image image=&#8221;1812&#8243; img_size=&#8221;&#8221; alignment=&#8221;center&#8221;][\/vc_column_inner][vc_column_inner width=&#8221;1\/4&#8243;][vc_single_image image=&#8221;1486&#8243; img_size=&#8221;&#8221; alignment=&#8221;center&#8221;][\/vc_column_inner][vc_column_inner width=&#8221;1\/4&#8243;][\/vc_column_inner][\/vc_row_inner][\/vc_column][\/vc_row]\n","protected":false},"excerpt":{"rendered":"<p>[vc_row equal_height=&#8221;yes&#8221; el_class=&#8221;my-1&#8243;][vc_column el_id=&#8221;filiere&#8221;][vc_row_inner equal_height=&#8221;yes&#8221; content_placement=&#8221;top&#8221;][vc_column_inner el_class=&#8221;py-lg-2 px-lg-5&#8243; width=&#8221;2\/3&#8243;][vc_column_text] In questa edizione di Metef\u00a0Aital, l\u2019Associazione Italiana Trattamenti superficiali Alluminio, sar\u00e0 presente con un\u2019iniziativa dedicata: IL VILLAGGIO AITAL PAD 32 B05 [\/vc_column_text][vc_column_text][\/vc_column_text][vc_column_text]\u201cAncora una volta gli organizzatori della prossima edizione del Metef ci hanno dato l\u2019opportunit\u00e0 di partecipare a questo importante Evento concedendoci uno spazio dedicato alla [&hellip;]<\/p>\n","protected":false},"author":12,"featured_media":1459,"parent":0,"menu_order":0,"comment_status":"closed","ping_status":"closed","template":"","meta":[],"acf":[],"aioseo_notices":[],"_links":{"self":[{"href":"https:\/\/www.metef.com\/it\/wp-json\/wp\/v2\/pages\/1456"}],"collection":[{"href":"https:\/\/www.metef.com\/it\/wp-json\/wp\/v2\/pages"}],"about":[{"href":"https:\/\/www.metef.com\/it\/wp-json\/wp\/v2\/types\/page"}],"author":[{"embeddable":true,"href":"https:\/\/www.metef.com\/it\/wp-json\/wp\/v2\/users\/12"}],"replies":[{"embeddable":true,"href":"https:\/\/www.metef.com\/it\/wp-json\/wp\/v2\/comments?post=1456"}],"version-history":[{"count":3,"href":"https:\/\/www.metef.com\/it\/wp-json\/wp\/v2\/pages\/1456\/revisions"}],"predecessor-version":[{"id":2218,"href":"https:\/\/www.metef.com\/it\/wp-json\/wp\/v2\/pages\/1456\/revisions\/2218"}],"wp:featuredmedia":[{"embeddable":true,"href":"https:\/\/www.metef.com\/it\/wp-json\/wp\/v2\/media\/1459"}],"wp:attachment":[{"href":"https:\/\/www.metef.com\/it\/wp-json\/wp\/v2\/media?parent=1456"}],"curies":[{"name":"wp","href":"https:\/\/api.w.org\/{rel}","templated":true}]}}