{"id":2737,"date":"2023-02-16T11:44:59","date_gmt":"2023-02-16T11:44:59","guid":{"rendered":"https:\/\/www.metef.com\/?page_id=2737"},"modified":"2023-04-12T13:13:42","modified_gmt":"2023-04-12T13:13:42","slug":"premio-innovazione-2023","status":"publish","type":"page","link":"https:\/\/www.metef.com\/it\/premio-innovazione-2023\/","title":{"rendered":"PREMIO INTERNAZIONALE INNOVAZIONE METEF"},"content":{"rendered":"[vc_row equal_height=&#8221;yes&#8221; el_class=&#8221;my-1&#8243;][vc_column][vc_row_inner equal_height=&#8221;yes&#8221; content_placement=&#8221;top&#8221;][vc_column_inner el_class=&#8221;py-lg-2 px-lg-5&#8243; width=&#8221;2\/3&#8243;][vc_column_text]\n<h3>PREMIO INTERNAZIONALE INNOVAZIONE METEF<\/h3>\n[\/vc_column_text][vc_column_text el_id=&#8221;finalisti&#8221;]Un\u2019iniziativa organizzata da Metef, consolidata da oltre un decennio per <strong>valorizzare i contenuti innovativi<\/strong> proposti dalle aziende del comparto alluminio. I contenuti d\u2019innovazione sono stati valutati in base al grado di originalit\u00e0 e di novit\u00e0, alle peculiarit\u00e0 prestazionali ed ai vantaggi competitivi che sono in grado di offrire, privilegiando anche gli aspetti di <strong>risparmio energetico, ecosostenibilit\u00e0 e salvaguardia delle risorse<\/strong> contenuti nelle proposte.<\/p>\n<p>Un premio speciale \u00e8 stato inoltre assegnato ai <strong>progetti di decarbonizzazione<\/strong> del sistema azienda nel suo complesso.[\/vc_column_text][vc_empty_space][vc_column_text]<img decoding=\"async\" loading=\"lazy\" class=\"alignnone wp-image-28640\" src=\"\/public\/uploads\/sites\/6\/METEF-23-LOGO-solo-pay-off-ITA-300x138.png\" alt=\"\" width=\"237\" height=\"109\" \/>[\/vc_column_text][vc_column_text]<a class=\"btn btn-lg btn-primary my-1\" title=\"Scarica qui il tuo biglietto omaggio \u00bb\" href=\"https:\/\/www.metef.com\/it\/premio-innovazione-2023\/#premiati\">Scopri i vincitori del premio Innovazione \u00bb<\/a>[\/vc_column_text][\/vc_column_inner][vc_column_inner el_class=&#8221;p-1 p-sm-3 p-lg-4 bg-darker&#8221; width=&#8221;1\/3&#8243;][vc_single_image image=&#8221;1119&#8243; img_size=&#8221;medium&#8221;][vc_separator color=&#8221;juicy_pink&#8221;][vc_wp_custommenu nav_menu=&#8221;22&#8243;][\/vc_column_inner][\/vc_row_inner][\/vc_column][\/vc_row][vc_row][vc_column][vc_empty_space][vc_separator color=&#8221;juicy_pink&#8221;][\/vc_column][\/vc_row][vc_row][vc_column el_class=&#8221;py-lg-2 px-lg-5&#8243;][vc_row_inner][vc_column_inner][vc_column_text]\n<h4>I premiati:<\/h4>\n[\/vc_column_text][vc_empty_space][vc_column_text css_animation=&#8221;fadeInLeft&#8221; el_id=&#8221;premiati&#8221;]\n<h5>Categoria Materiali<\/h5>\n[\/vc_column_text][vc_empty_space][vc_column_text]<span style=\"color: #ba272d\"><b>Consorzio <\/b><b>Intals<\/b><b> \u2013 Fondmetal &#8211; Universit\u00e0 di Padova (DTG)<\/b><\/span><\/p>\n<p>Innovazione presentata:<\/p>\n<p>Sviluppo e ottimizzazione di ruote prodotte in bassa pressione tramite leghe innovative di alluminio secondario.<\/p>\n<p><b>MOTIVAZIONE:<\/b><\/p>\n<p>Il lavoro, sviluppato da un progetto che ha messo insieme Universit\u00e0, un produttore di leghe di alluminio ed un utilizzatore finale di leghe di alluminio da fonderia getti per la realizzazione di\u00a0 manufatti complessi, ha dimostrato\u00a0 l\u2019assoluta\u00a0 possibilit\u00e0 di impiego di leghe ottenute con metallo di produzione secondaria, operando con adeguate metodologie di cernita rottami, processi di fusione e trattamenti termici, per la produzione di centri ruota alluminio.<\/p>\n<p>Non \u00e8 originale il tentativo di sostituzione di leghe di AL secondarie a quelle da primario, \u00e8 meritevole del Premio Metef Innovazione 2023 il complesso lavoro di sintesi realizzato dai soggetti interessati per raggiungere un risultato affidabile sotto ogni aspetto del ciclo produttivo e vantaggioso in termini di\u00a0 costi e di\u00a0 impronta di carbonio complessiva, il che mette ancora in luce le propriet\u00e0\u00a0 di ecosostenibilit\u00e0 dell\u2019alluminio.[\/vc_column_text][vc_column_text]<span style=\"color: #ba272d\"><b>ST Powder Coatings Spa<\/b><\/span><\/p>\n<p>Innovazione presentata:<\/p>\n<p>prodotti vernicianti COOL POWDER.<\/p>\n<p><b>MOTIVAZIONE:<\/b><\/p>\n<p>I prodotti vernicianti COOL POWDER di ST Powder Coatings sono meritevoli sia dal punto di vista delle loro qualit\u00e0 intrinseche che in merito ai risparmi energetici nel ciclo di verniciatura legati alle ridotte temperature di polimerizzazione.<\/p>\n<p>Questo aspetto contribuisce naturalmente anche a ridurre le emissioni di CO2 e sposa in pieno gli orientamenti e gli obblighi che siamo tenuti a rispettare nei prossimi decenni.[\/vc_column_text][vc_empty_space][vc_separator color=&#8221;juicy_pink&#8221;][vc_empty_space][vc_column_text css_animation=&#8221;fadeInLeft&#8221;]\n<h5>Categoria Macchine ed impianti<\/h5>\n[\/vc_column_text][vc_empty_space][vc_column_text]<span style=\"color: #ba272d\"><b>ITALPRESSEGAUSS SPA<br \/>\n<\/b><\/span><\/p>\n<p>Innovazione presentata:<\/p>\n<p>Toogle free smart.<\/p>\n<p><b>MOTIVAZIONE:<\/b><\/p>\n<p>Il premio ad Italpresse\u00a0 per la categoria\u00a0 Macchine e Impianti viene conferito per i contenuti\u00a0 di innovativit\u00e0 di specifiche soluzioni tecniche in grado di favorire una produttivit\u00e0 sostenibile nella realizzazione di macchine di pressocolata senza ginocchiera, anche di grandi dimensioni.<\/p>\n<p>Le scelte progettuali determinano in particolare significative riduzioni di peso per la pressa, consentendo\u00a0 risparmio energetico sia in fase di costruzione che di utilizzo.<\/p>\n<p>La conseguente\u00a0 riduzione di emissioni di CO2 stimata nell\u2019arco di 10 anni di funzionamento di una pressa di nuova concezione dimostra l\u2019efficacia di un concreto approccio eco-sostenibile all\u2019innovazione industriale.[\/vc_column_text][vc_empty_space][vc_separator color=&#8221;juicy_pink&#8221;][vc_empty_space][vc_column_text css_animation=&#8221;fadeInLeft&#8221;]\n<h5>Categoria Prodotti, Componenti, Sistemi<\/h5>\n[\/vc_column_text][vc_empty_space][vc_column_text]<span style=\"color: #ba272d\"><b>Comptech Rheocasting AB<\/b><\/span><\/p>\n<p>Innovazione presentata:<\/p>\n<p>Componenti Strutturali by Rheocasting.<\/p>\n<p><b>MOTIVAZIONE:<\/b><\/p>\n<p>Il premio viene riconosciuto per gli aspetti innovativi legati sia al prodotto che al suo processo produttivo.<\/p>\n<p>Infatti, sebbene la colata in semi-solido sia nota da diversi anni, il suo utilizzo per produrre componenti strutturali ed a parete sottile, come il montante lungo 4 piedi che prevede successiva saldatura, sembra assolutamente sfidante ed innovativo.<\/p>\n<p>La peculiare attenzione anche verso la riduzione dell&#8217;impronta di CO2, grazie all&#8217;utilizzo di leghe secondarie realizzate interamente da scarti post-consumo, al posto delle leghe primarie tipicamente impiegate per getti strutturali, in combinazione con la colata in semisolido dimostrano ulteriormente la capacit\u00e0 di realizzare soluzioni d\u2019avanguardia e sostenibili.[\/vc_column_text][vc_column_text]<span style=\"color: #ba272d\"><b>LAMINAZIONE SOTTILE GROUP<\/b><\/span><\/p>\n<p>Innovazione presentata:<\/p>\n<p>Rivestimento di fogli di alluminio.<\/p>\n<p><b>MOTIVAZIONE:<\/b><\/p>\n<p>Il premio nella categoria Prodotti \u00e8 riconosciuto per il valore innovativo intrinseco del coating su alluminio studiato e messo a punto attraverso approfondite attivit\u00e0 di sperimentazione, svolte in sinergia con enti di ricerca nazionali ed europei.<\/p>\n<p>L\u2019obiettivo d\u2019incrementare la \u201cshelf life\u201d dei prodotti alimentari, grazie all\u2019impiego di imballaggi in alluminio funzionalizzati con i coating presentati nello studio, \u00e8 un\u2019innovazione direttamente impattante sulla sostenibilit\u00e0 della filiera alimentare grazie al possibile e significativo prolungamento del periodo di conservabilit\u00e0 dei cibi imballati.<\/p>\n<p>Tale miglioramento si manifesta in minori emissioni e miglioramento dell\u2019economia del prodotto conservato.[\/vc_column_text][vc_empty_space][vc_separator color=&#8221;juicy_pink&#8221;][vc_empty_space][vc_column_text css_animation=&#8221;fadeInLeft&#8221;]\n<h5>Categoria Processo di decarbonizzazione del sistema azienda<\/h5>\n[\/vc_column_text][vc_empty_space][vc_column_text]<span style=\"color: #ba272d\"><b>Voestalpine High Performance Metals Italia Spa<br \/>\n<\/b><\/span><\/p>\n<p><b>MOTIVAZIONE:<\/b><\/p>\n<p>L\u2019Azienda rappresenta in Italia l\u2019acciaieria svedese Uddeholm, la quale ha introdotto in maniera sistematica e strutturale una serie di metodologie volte alla minimizzazione dei consumi di acqua, all&#8217;utilizzo di mix energetici esenti dall&#8217;impiego di risorse fossili, alla valorizzazione di materiali riciclati, alla riduzione costante dell&#8217;impatto ambientale dei trasporti interni.<\/p>\n<p>Tali azioni costituiscono tappe essenziali di un percorso di sostenibilit\u00e0 ambientale convintamente sviluppato e con obiettivi chiari e ambiziosi per i prossimi anni.[\/vc_column_text][vc_empty_space][\/vc_column_inner][\/vc_row_inner][vc_separator color=&#8221;juicy_pink&#8221;][\/vc_column][\/vc_row][vc_row][vc_column][vc_column_text]\n<p style=\"text-align: center\"><em>Media Partner<\/em><\/p>\n[\/vc_column_text][vc_row_inner][vc_column_inner el_class=&#8221;py-2 px-3 py-sm-3 px-sm-5&#8243; width=&#8221;1\/4&#8243;][vc_single_image image=&#8221;28604&#8243; img_size=&#8221;&#8221; alignment=&#8221;center&#8221;][\/vc_column_inner][vc_column_inner el_class=&#8221;py-2 px-3 py-sm-3 px-sm-5&#8243; width=&#8221;1\/4&#8243;][vc_single_image image=&#8221;28602&#8243; img_size=&#8221;&#8221; alignment=&#8221;center&#8221;][\/vc_column_inner][vc_column_inner el_class=&#8221;py-2 px-3 py-sm-3 px-sm-5&#8243; width=&#8221;1\/4&#8243;][vc_single_image image=&#8221;28608&#8243; img_size=&#8221;&#8221; alignment=&#8221;center&#8221;][\/vc_column_inner][vc_column_inner el_class=&#8221;py-2 px-3 py-sm-3 px-sm-5&#8243; width=&#8221;1\/4&#8243;][vc_single_image image=&#8221;28606&#8243; img_size=&#8221;&#8221; alignment=&#8221;center&#8221;][\/vc_column_inner][\/vc_row_inner][\/vc_column][\/vc_row][vc_column][vc_row_inner][vc_column_inner][\/vc_column_inner][\/vc_row_inner][\/vc_column][vc_column_inner][\/vc_column_inner]\n","protected":false},"excerpt":{"rendered":"<p>[vc_row equal_height=&#8221;yes&#8221; el_class=&#8221;my-1&#8243;][vc_column][vc_row_inner equal_height=&#8221;yes&#8221; content_placement=&#8221;top&#8221;][vc_column_inner el_class=&#8221;py-lg-2 px-lg-5&#8243; width=&#8221;2\/3&#8243;][vc_column_text] PREMIO INTERNAZIONALE INNOVAZIONE METEF [\/vc_column_text][vc_column_text el_id=&#8221;finalisti&#8221;]Un\u2019iniziativa organizzata da Metef, consolidata da oltre un decennio per valorizzare i contenuti innovativi proposti dalle aziende del comparto alluminio. I contenuti d\u2019innovazione sono stati valutati in base al grado di originalit\u00e0 e di novit\u00e0, alle peculiarit\u00e0 prestazionali ed ai vantaggi competitivi [&hellip;]<\/p>\n","protected":false},"author":12,"featured_media":1038,"parent":0,"menu_order":0,"comment_status":"closed","ping_status":"closed","template":"","meta":[],"acf":[],"aioseo_notices":[],"_links":{"self":[{"href":"https:\/\/www.metef.com\/it\/wp-json\/wp\/v2\/pages\/2737"}],"collection":[{"href":"https:\/\/www.metef.com\/it\/wp-json\/wp\/v2\/pages"}],"about":[{"href":"https:\/\/www.metef.com\/it\/wp-json\/wp\/v2\/types\/page"}],"author":[{"embeddable":true,"href":"https:\/\/www.metef.com\/it\/wp-json\/wp\/v2\/users\/12"}],"replies":[{"embeddable":true,"href":"https:\/\/www.metef.com\/it\/wp-json\/wp\/v2\/comments?post=2737"}],"version-history":[{"count":2,"href":"https:\/\/www.metef.com\/it\/wp-json\/wp\/v2\/pages\/2737\/revisions"}],"predecessor-version":[{"id":2953,"href":"https:\/\/www.metef.com\/it\/wp-json\/wp\/v2\/pages\/2737\/revisions\/2953"}],"wp:featuredmedia":[{"embeddable":true,"href":"https:\/\/www.metef.com\/it\/wp-json\/wp\/v2\/media\/1038"}],"wp:attachment":[{"href":"https:\/\/www.metef.com\/it\/wp-json\/wp\/v2\/media?parent=2737"}],"curies":[{"name":"wp","href":"https:\/\/api.w.org\/{rel}","templated":true}]}}