{"id":323,"date":"2022-01-25T13:36:28","date_gmt":"2022-01-25T13:36:28","guid":{"rendered":"http:\/\/www.metef.com\/?page_id=323"},"modified":"2024-06-13T10:45:28","modified_gmt":"2024-06-13T10:45:28","slug":"luogo-date-orari","status":"publish","type":"page","link":"https:\/\/www.metef.com\/it\/luogo-date-orari\/","title":{"rendered":"Luogo, Date, Orari 2025"},"content":{"rendered":"[vc_row][vc_column][vc_row_inner][vc_column_inner el_class=&#8221;py-lg-2 px-lg-5&#8243; width=&#8221;2\/3&#8243;][vc_column_text]\n<h2>Organizza la tua visita<\/h2>\n<p class=\"subtitle\">Tutte le informazioni\u00a0per visitare la fiera<\/p>\n<p>&nbsp;<\/p>\n<p><strong>Indirizzo<\/strong>: BolognaFiere, Piazza Costituzione 6, 40127, Bologna<\/p>\n<p><strong>Data<\/strong>: 5\/7 Marzo 2025\u00a0 mercoled\u00ec, gioved\u00ec, venerd\u00ec.<\/p>\n<p><strong>Orario<\/strong>: mercoled\u00ec, gioved\u00ec e venerd\u00ec 9:00 &#8211; 17:30<\/p>\n<p><strong>Ingresso <\/strong>Nord<\/p>\n<p><strong>Ingresso\u00a0<\/strong>Est &#8211; Michelino<\/p>\n<p><strong>Ingresso<\/strong>\u00a0Ovest Costituzione<\/p>\n<p>&nbsp;<\/p>\n<p style=\"text-align: left\"><a class=\"btn btn-lg btn-primary my-1\" href=\"http:\/\/mecspe.com\/it\/contatti\/\" target=\"_blank\" rel=\"noopener\">Richiedi informazioni<\/a><\/p>\n[\/vc_column_text][vc_separator align=&#8221;align_left&#8221; el_width=&#8221;80&#8243;][vc_column_text]\n<h4>Orari di manifestazione per i visitatori:<\/h4>\n<ul>\n<li style=\"list-style-type: none\">\n<ul>\n<li><strong>Mercoled\u00ec 5 marzo<\/strong> dalle ore 9:00 alle 17:30<\/li>\n<li><strong>Gioved\u00ec 6 marzo<\/strong> dalle ore 9:00 alle 17:30<\/li>\n<li><strong>Venerd\u00ec 7 marzo<\/strong> dalle ore 9:00 alle 17:30<\/li>\n<\/ul>\n<\/li>\n<\/ul>\n<h4>Orari di manifestazione per gli espositori:<\/h4>\n<ul>\n<li style=\"list-style-type: none\">\n<ul>\n<li><strong>Mercoled\u00ec 5 marzo<\/strong>\u00a0dalle ore 8:00 alle 18:30<\/li>\n<li><strong>Gioved\u00ec 6 marzo<\/strong>\u00a0dalle ore 8:00 alle 18:30<\/li>\n<li><strong>Venerd\u00ec 7 marzo<\/strong>\u00a0dalle ore 8:00 alle 18:30<\/li>\n<\/ul>\n<\/li>\n<\/ul>\n<p>&nbsp;<\/p>\n<p><span style=\"color: #ff0000\"><strong>INFORMAZIONI:<\/strong>\u00a0<span style=\"color: #000000\">Desideriamo informare i visitatori che su disposizione delle autorit\u00e0 competenti, agli ingressi di METEF, saranno disposte misure di verifica degli accessi dei visitatori al fine di garantire adeguati standard di sicurezza per l&#8217;evento. Le operazioni potrebbero richiedere fisiologicamente pi\u00f9 tempo di quanto normalmente richiesto in assenza di varchi monitorati. Grati per la disponibilit\u00e0 e comprensione, che, siamo certi, vorrete riservarci vi aspettiamo alla manifestazione METEF 2025 a Bologna.<\/span><\/span>[\/vc_column_text][vc_separator align=&#8221;align_left&#8221; el_width=&#8221;80&#8243;][vc_column_text]\n<h4>Servizi disabili<\/h4>\n<p>Parcheggi riservati presso gli ingressi di pubblico di Via Michelino e P.zza Costituzione.<\/p>\n<p>Mezzi per persone con difficolt\u00e0 motorie (a spinta manuale) a disposizione gratuita presso gli ingressi di pubblico, da richiedere al personale di servizio.<br \/>\nE\u2019 garantita l\u2019accessibilit\u00e0 a tutte le aree del Quartiere Fieristico aperte al pubblico.<br \/>\nGli espositori ed i progettisti dei singoli stand devono attenersi alle normative vigenti per l\u2019abbattimento delle barriere architettoniche.[\/vc_column_text][vc_column_text el_class=&#8221;text-center&#8221;]\n<p style=\"text-align: left\"><a class=\"btn btn-lg btn-primary my-2\" title=\"Contatti\" href=\"https:\/\/www.metef.com\/it\/contatti\/\" target=\"_blank\" rel=\"noopener\">Richiedi informazioni<\/a><\/p>\n[\/vc_column_text][\/vc_column_inner][vc_column_inner el_class=&#8221;p-1 p-sm-3 p-lg-4 bg-darker&#8221; width=&#8221;1\/3&#8243;][vc_column_text]\n<h3 class=\"mt-0\">Informazioni<\/h3>\n[\/vc_column_text][vc_wp_custommenu nav_menu=&#8221;13&#8243;][\/vc_column_inner][\/vc_row_inner][vc_row_inner][vc_column_inner][vc_separator color=&#8221;juicy_pink&#8221;][\/vc_column_inner][\/vc_row_inner][\/vc_column][\/vc_row][vc_row equal_height=&#8221;yes&#8221; el_class=&#8221;my-1&#8243;][vc_column el_class=&#8221;p-1 p-sm-3 p-lg-4&#8243; offset=&#8221;vc_col-md-offset-2 vc_col-md-8&#8243;][vc_column_text]\n<h2 style=\"text-align: center\">L&#8217;area fieristica di MECSPE e METEF<\/h2>\n<h5 style=\"text-align: center\"><strong>Bolognafiere<\/strong><\/h5>\n[\/vc_column_text][vc_row_inner][vc_column_inner][vc_single_image image=&#8221;4077&#8243; img_size=&#8221;large&#8221; alignment=&#8221;center&#8221; onclick=&#8221;link_image&#8221;][\/vc_column_inner][\/vc_row_inner][\/vc_column][\/vc_row][vc_row el_id=&#8221;numbers&#8221; css=&#8221;.vc_custom_1642693762430{background-image: url(\/public\/uploads\/sites\/20\/Metef2017_Ennevifoto_09100.jpg?id=86) !important;background-position: center !important;background-repeat: no-repeat !important;background-size: cover !important;}&#8221;][vc_column][vc_row_inner][vc_column_inner width=&#8221;1\/3&#8243;][vc_column_text]\n<div class=\"big-number\" style=\"text-align: center\">92.000<\/div>\n<div class=\"small-number\" style=\"text-align: center\">m\u00b2 di spazio espositivo<\/div>\n[\/vc_column_text][\/vc_column_inner][vc_column_inner width=&#8221;1\/3&#8243;][vc_column_text]\n<div class=\"big-number\" style=\"text-align: center\">39.348<\/div>\n<div class=\"small-number\" style=\"text-align: center\">visitatori professionali<\/div>\n[\/vc_column_text][\/vc_column_inner][vc_column_inner width=&#8221;1\/3&#8243;][vc_column_text]\n<div class=\"big-number\" style=\"text-align: center\">2.000<\/div>\n<div class=\"small-number\" style=\"text-align: center\">aziende presenti<\/div>\n[\/vc_column_text][\/vc_column_inner][\/vc_row_inner][\/vc_column][\/vc_row]\n","protected":false},"excerpt":{"rendered":"<p>[vc_row][vc_column][vc_row_inner][vc_column_inner el_class=&#8221;py-lg-2 px-lg-5&#8243; width=&#8221;2\/3&#8243;][vc_column_text] Organizza la tua visita Tutte le informazioni\u00a0per visitare la fiera &nbsp; Indirizzo: BolognaFiere, Piazza Costituzione 6, 40127, Bologna Data: 5\/7 Marzo 2025\u00a0 mercoled\u00ec, gioved\u00ec, venerd\u00ec. Orario: mercoled\u00ec, gioved\u00ec e venerd\u00ec 9:00 &#8211; 17:30 Ingresso Nord Ingresso\u00a0Est &#8211; Michelino Ingresso\u00a0Ovest Costituzione &nbsp; Richiedi informazioni [\/vc_column_text][vc_separator align=&#8221;align_left&#8221; el_width=&#8221;80&#8243;][vc_column_text] Orari di manifestazione per i [&hellip;]<\/p>\n","protected":false},"author":12,"featured_media":3746,"parent":0,"menu_order":0,"comment_status":"closed","ping_status":"closed","template":"","meta":[],"acf":[],"aioseo_notices":[],"_links":{"self":[{"href":"https:\/\/www.metef.com\/it\/wp-json\/wp\/v2\/pages\/323"}],"collection":[{"href":"https:\/\/www.metef.com\/it\/wp-json\/wp\/v2\/pages"}],"about":[{"href":"https:\/\/www.metef.com\/it\/wp-json\/wp\/v2\/types\/page"}],"author":[{"embeddable":true,"href":"https:\/\/www.metef.com\/it\/wp-json\/wp\/v2\/users\/12"}],"replies":[{"embeddable":true,"href":"https:\/\/www.metef.com\/it\/wp-json\/wp\/v2\/comments?post=323"}],"version-history":[{"count":3,"href":"https:\/\/www.metef.com\/it\/wp-json\/wp\/v2\/pages\/323\/revisions"}],"predecessor-version":[{"id":4080,"href":"https:\/\/www.metef.com\/it\/wp-json\/wp\/v2\/pages\/323\/revisions\/4080"}],"wp:featuredmedia":[{"embeddable":true,"href":"https:\/\/www.metef.com\/it\/wp-json\/wp\/v2\/media\/3746"}],"wp:attachment":[{"href":"https:\/\/www.metef.com\/it\/wp-json\/wp\/v2\/media?parent=323"}],"curies":[{"name":"wp","href":"https:\/\/api.w.org\/{rel}","templated":true}]}}