{"id":5946,"date":"2025-02-28T11:11:55","date_gmt":"2025-02-28T11:11:55","guid":{"rendered":"https:\/\/www.metef.com\/?page_id=5946"},"modified":"2025-03-03T11:02:01","modified_gmt":"2025-03-03T11:02:01","slug":"evoluzione-trattamento-superfici-tecnologie-impiantistiche","status":"publish","type":"page","link":"https:\/\/www.metef.com\/it\/evoluzione-trattamento-superfici-tecnologie-impiantistiche\/","title":{"rendered":"L&#8217;evoluzione del trattamento delle superfici e delle tecnologie impiantistiche per il futuro"},"content":{"rendered":"[vc_row equal_height=&#8221;yes&#8221; el_class=&#8221;my-1&#8243;][vc_column width=&#8221;2\/3&#8243; el_id=&#8221;filiere&#8221; el_class=&#8221;py-lg-2 px-lg-5&#8243;][vc_column_text]\n<h3><strong>L&#8217;evoluzione del trattamento delle superfici e delle tecnologie impiantistiche per il futuro<\/strong><\/h3>\n[\/vc_column_text][vc_row_inner equal_height=&#8221;yes&#8221; content_placement=&#8221;top&#8221;][vc_column_inner width=&#8221;1\/2&#8243;][vc_text_separator title=&#8221;Venerd\u00ec 7 marzo | 11:30&#8243; i_icon_fontawesome=&#8221;fas fa-calendar-alt&#8221; i_color=&#8221;custom&#8221; title_align=&#8221;separator_align_left&#8221; align=&#8221;align_left&#8221; add_icon=&#8221;true&#8221; i_custom_color=&#8221;#e30613&#8243;][\/vc_column_inner][vc_column_inner width=&#8221;1\/2&#8243;][vc_text_separator title=&#8221;Metef Arena \u2013 Padiglione 32&#8243; i_icon_fontawesome=&#8221;fas fa-map-marker-alt&#8221; i_color=&#8221;custom&#8221; title_align=&#8221;separator_align_left&#8221; align=&#8221;align_left&#8221; add_icon=&#8221;true&#8221; i_custom_color=&#8221;#e30613&#8243;][\/vc_column_inner][\/vc_row_inner][vc_row_inner equal_height=&#8221;yes&#8221; content_placement=&#8221;top&#8221;][vc_column_inner][vc_column_text]L&#8217;evoluzione del trattamento delle superfici e delle tecnologie impiantistiche \u00e8 destinata a trasformare radicalmente molti settori industriali, migliorando l&#8217;efficienza, la sostenibilit\u00e0 e le prestazioni dei materiali. Le innovazioni recenti mirano a sviluppare trattamenti sempre pi\u00f9 sofisticati e personalizzati, in grado di rispondere a sfide ambientali e produttive. Tecnologie come i trattamenti superficiali avanzati, la nanotecnologia e l&#8217;automazione stanno aprendo nuove possibilit\u00e0 per ottimizzare la durata e le caratteristiche dei materiali. Allo stesso tempo, gli impianti di trattamento stanno evolvendo verso soluzioni pi\u00f9 integrate e intelligenti, che riducono i consumi energetici e i rifiuti, portando a una maggiore efficienza e a un impatto ambientale minimo. Il futuro di queste tecnologie si preannuncia ricco di innovazioni in grado di rivoluzionare la qualit\u00e0 dei prodotti e i processi industriali a livello globale.[\/vc_column_text][vc_column_text]<a class=\"btn btn-lg my-1 mr-1\" href=\"https:\/\/www.metef.com\/it\/registrazione-convegno\/\">Registrati all&#8217;evento \u00bb<\/a>[\/vc_column_text][\/vc_column_inner][\/vc_row_inner][\/vc_column][vc_column width=&#8221;1\/3&#8243; el_class=&#8221;p-1 p-sm-1 p-lg-1 bg-darker&#8221;][vc_row_inner equal_height=&#8221;yes&#8221; content_placement=&#8221;top&#8221;][vc_column_inner el_class=&#8221;py-lg-2 px-lg-5&#8243;][vc_empty_space height=&#8221;64px&#8221;][vc_wp_custommenu nav_menu=&#8221;13&#8243;][\/vc_column_inner][\/vc_row_inner][\/vc_column][\/vc_row][vc_row equal_height=&#8221;yes&#8221; content_placement=&#8221;middle&#8221; el_class=&#8221;my-1 bg-gray&#8221;][vc_column][vc_row_inner equal_height=&#8221;yes&#8221; content_placement=&#8221;top&#8221;][vc_column_inner el_class=&#8221;col-img&#8221; width=&#8221;1\/3&#8243; css=&#8221;.vc_custom_1706887437761{background-image: url(\/public\/uploads\/sites\/6\/IMG_Metef_Contesto_2-1.jpg?id=40554) !important;background-position: center !important;background-repeat: no-repeat !important;background-size: cover !important;}&#8221;][\/vc_column_inner][vc_column_inner el_class=&#8221;py-lg-2 px-lg-5&#8243; width=&#8221;2\/3&#8243;][vc_column_text]\n<h3><strong>Programma\u00a0<\/strong><\/h3>\n[\/vc_column_text][vc_column_text]<strong>L&#8217;evoluzione del trattamento delle superfici e delle tecnologie impiantistiche per il futuro<\/strong><br \/>\nSaluto del Presidente di Poliefun <em><strong>Luca Magagnin<\/strong><\/em><br \/>\nSaluto del Presidente di ANIMA Confindustria Meccanica <strong><em>Daryush Arabnia<\/em><\/strong><\/p>\n<p><strong>Finitura PVD: un film sottile che svela il potere della fisica per abbracciare il futuro della Produzione<\/strong><br \/>\n<strong>Kenosistec<\/strong> &#8211; Antonio Angolemme<\/p>\n<p><strong>Rebox and Paint Express: innovative solutions for the sustainable paintshop \u200e<\/strong><br \/>\n<strong>Geico<\/strong> &#8211; Alessandro di Lucrezia<\/p>\n<p><strong>Il reparto di sverniciatura come opportunit\u00e0 per migliorare il flusso di produzione<\/strong><br \/>\n<strong>ALIT Technologies<\/strong> &#8211; Michele Merlo<\/p>\n<p><strong>Impianti di ricircolo e trattamento delle acque reflue &#8211; Monitoraggio e gestione dei processi<\/strong><br \/>\n<strong>R\u00f6sler Italiana<\/strong> &#8211; Riccardo Leoni[\/vc_column_text][\/vc_column_inner][\/vc_row_inner][\/vc_column][\/vc_row]\n","protected":false},"excerpt":{"rendered":"<p>[vc_row equal_height=&#8221;yes&#8221; el_class=&#8221;my-1&#8243;][vc_column width=&#8221;2\/3&#8243; el_id=&#8221;filiere&#8221; el_class=&#8221;py-lg-2 px-lg-5&#8243;][vc_column_text] L&#8217;evoluzione del trattamento delle superfici e delle tecnologie impiantistiche per il futuro [\/vc_column_text][vc_row_inner equal_height=&#8221;yes&#8221; content_placement=&#8221;top&#8221;][vc_column_inner width=&#8221;1\/2&#8243;][vc_text_separator title=&#8221;Venerd\u00ec 7 marzo | 11:30&#8243; i_icon_fontawesome=&#8221;fas fa-calendar-alt&#8221; i_color=&#8221;custom&#8221; title_align=&#8221;separator_align_left&#8221; align=&#8221;align_left&#8221; add_icon=&#8221;true&#8221; i_custom_color=&#8221;#e30613&#8243;][\/vc_column_inner][vc_column_inner width=&#8221;1\/2&#8243;][vc_text_separator title=&#8221;Metef Arena \u2013 Padiglione 32&#8243; i_icon_fontawesome=&#8221;fas fa-map-marker-alt&#8221; i_color=&#8221;custom&#8221; title_align=&#8221;separator_align_left&#8221; align=&#8221;align_left&#8221; add_icon=&#8221;true&#8221; i_custom_color=&#8221;#e30613&#8243;][\/vc_column_inner][\/vc_row_inner][vc_row_inner equal_height=&#8221;yes&#8221; content_placement=&#8221;top&#8221;][vc_column_inner][vc_column_text]L&#8217;evoluzione del trattamento delle superfici e [&hellip;]<\/p>\n","protected":false},"author":12,"featured_media":3746,"parent":0,"menu_order":0,"comment_status":"closed","ping_status":"closed","template":"","meta":[],"acf":[],"aioseo_notices":[],"_links":{"self":[{"href":"https:\/\/www.metef.com\/it\/wp-json\/wp\/v2\/pages\/5946"}],"collection":[{"href":"https:\/\/www.metef.com\/it\/wp-json\/wp\/v2\/pages"}],"about":[{"href":"https:\/\/www.metef.com\/it\/wp-json\/wp\/v2\/types\/page"}],"author":[{"embeddable":true,"href":"https:\/\/www.metef.com\/it\/wp-json\/wp\/v2\/users\/12"}],"replies":[{"embeddable":true,"href":"https:\/\/www.metef.com\/it\/wp-json\/wp\/v2\/comments?post=5946"}],"version-history":[{"count":2,"href":"https:\/\/www.metef.com\/it\/wp-json\/wp\/v2\/pages\/5946\/revisions"}],"predecessor-version":[{"id":6010,"href":"https:\/\/www.metef.com\/it\/wp-json\/wp\/v2\/pages\/5946\/revisions\/6010"}],"wp:featuredmedia":[{"embeddable":true,"href":"https:\/\/www.metef.com\/it\/wp-json\/wp\/v2\/media\/3746"}],"wp:attachment":[{"href":"https:\/\/www.metef.com\/it\/wp-json\/wp\/v2\/media?parent=5946"}],"curies":[{"name":"wp","href":"https:\/\/api.w.org\/{rel}","templated":true}]}}